{"id":91,"date":"2024-02-14T10:57:55","date_gmt":"2024-02-14T09:57:55","guid":{"rendered":"https:\/\/www.hotel-lacourdesconsuls.com\/?page_id=91"},"modified":"2025-11-18T15:46:43","modified_gmt":"2025-11-18T14:46:43","slug":"naturstandorte-wandern-rund-um-toulouse","status":"publish","type":"page","link":"https:\/\/www.hotel-lacourdesconsuls.com\/de\/tourisme-visiter-toulouse-et-alentours\/sites-naturels-randonnee-autour-de-toulouse\/","title":{"rendered":"Nat\u00fcrliche St\u00e4tten"},"content":{"rendered":"<div data-elementor-type=\"wp-page\" data-elementor-id=\"91\" class=\"elementor elementor-91\" data-elementor-post-type=\"page\">\n\t\t\t\t<div class=\"elementor-element elementor-element-840b4ee e-flex e-con-boxed e-con e-parent\" data-id=\"840b4ee\" data-element_type=\"container\" data-e-type=\"container\" data-settings=\"{&quot;background_background&quot;:&quot;classic&quot;}\">\n\t\t\t\t\t<div class=\"e-con-inner\">\n\t\t<div class=\"elementor-element elementor-element-43c397d e-flex e-con-boxed e-con e-child\" data-id=\"43c397d\" data-element_type=\"container\" data-e-type=\"container\">\n\t\t\t\t\t<div class=\"e-con-inner\">\n\t\t\t\t<div class=\"elementor-element elementor-element-8071478 elementor-widget elementor-widget-heading\" data-id=\"8071478\" data-element_type=\"widget\" data-e-type=\"widget\" data-widget_type=\"heading.default\">\n\t\t\t\t<div class=\"elementor-widget-container\">\n\t\t\t\t\t<h1 class=\"elementor-heading-title elementor-size-default\">Nat\u00fcrliche Orte<\/h1>\t\t\t\t<\/div>\n\t\t\t\t<\/div>\n\t\t\t\t\t<\/div>\n\t\t\t\t<\/div>\n\t\t\t\t\t<\/div>\n\t\t\t\t<\/div>\n\t\t<div class=\"elementor-element elementor-element-b01a6eb e-flex e-con-boxed e-con e-parent\" data-id=\"b01a6eb\" data-element_type=\"container\" data-e-type=\"container\" data-settings=\"{&quot;background_background&quot;:&quot;classic&quot;}\">\n\t\t\t\t\t<div class=\"e-con-inner\">\n\t\t\t\t<div class=\"elementor-element elementor-element-7a23177 elementor-widget elementor-widget-image\" data-id=\"7a23177\" data-element_type=\"widget\" data-e-type=\"widget\" data-widget_type=\"image.default\">\n\t\t\t\t<div class=\"elementor-widget-container\">\n\t\t\t\t\t\t\t\t\t\t\t\t\t\t\t<img decoding=\"async\" width=\"110\" height=\"4\" src=\"https:\/\/www.hotel-lacourdesconsuls.com\/wp-content\/uploads\/2024\/02\/Groupe-525.svg\" class=\"attachment-full size-full wp-image-220\" alt=\"\" title=\"\">\t\t\t\t\t\t\t\t\t\t\t\t\t\t\t<\/div>\n\t\t\t\t<\/div>\n\t\t\t\t<div class=\"elementor-element elementor-element-ee69d27 elementor-widget elementor-widget-heading\" data-id=\"ee69d27\" data-element_type=\"widget\" data-e-type=\"widget\" data-widget_type=\"heading.default\">\n\t\t\t\t<div class=\"elementor-widget-container\">\n\t\t\t\t\t<h2 class=\"elementor-heading-title elementor-size-default\">Randonn\u00e9es autour de Toulouse<\/h2>\t\t\t\t<\/div>\n\t\t\t\t<\/div>\n\t\t\t\t<div class=\"elementor-element elementor-element-ac0fa4c elementor-widget elementor-widget-heading\" data-id=\"ac0fa4c\" data-element_type=\"widget\" data-e-type=\"widget\" data-widget_type=\"heading.default\">\n\t\t\t\t<div class=\"elementor-widget-container\">\n\t\t\t\t\t<span class=\"elementor-heading-title elementor-size-default\">im Herzen der Natur der Garonne<\/span>\t\t\t\t<\/div>\n\t\t\t\t<\/div>\n\t\t<div class=\"elementor-element elementor-element-4ec8f21 e-con-full e-flex e-con e-child\" data-id=\"4ec8f21\" data-element_type=\"container\" data-e-type=\"container\" data-settings=\"{&quot;background_background&quot;:&quot;classic&quot;}\">\n\t\t\t\t<div class=\"elementor-element elementor-element-60d14b8 elementor-absolute elementor-widget elementor-widget-image\" data-id=\"60d14b8\" data-element_type=\"widget\" data-e-type=\"widget\" data-settings=\"{&quot;_position&quot;:&quot;absolute&quot;}\" data-widget_type=\"image.default\">\n\t\t\t\t<div class=\"elementor-widget-container\">\n\t\t\t\t\t\t\t\t\t\t\t\t\t\t\t<img fetchpriority=\"high\" decoding=\"async\" width=\"410\" height=\"1353\" src=\"https:\/\/www.hotel-lacourdesconsuls.com\/wp-content\/uploads\/2024\/03\/Groupe-998-2x.png\" class=\"attachment-full size-full wp-image-929\" alt=\"\" srcset=\"https:\/\/www.hotel-lacourdesconsuls.com\/wp-content\/uploads\/2024\/03\/Groupe-998-2x.png 410w, https:\/\/www.hotel-lacourdesconsuls.com\/wp-content\/uploads\/2024\/03\/Groupe-998-2x-91x300.png 91w, https:\/\/www.hotel-lacourdesconsuls.com\/wp-content\/uploads\/2024\/03\/Groupe-998-2x-310x1024.png 310w, https:\/\/www.hotel-lacourdesconsuls.com\/wp-content\/uploads\/2024\/03\/Groupe-998-2x-4x12.png 4w\" sizes=\"(max-width: 410px) 100vw, 410px\" title=\"\">\t\t\t\t\t\t\t\t\t\t\t\t\t\t\t<\/div>\n\t\t\t\t<\/div>\n\t\t<div class=\"elementor-element elementor-element-78e6faa e-con-full e-flex e-con e-child\" data-id=\"78e6faa\" data-element_type=\"container\" data-e-type=\"container\" data-settings=\"{&quot;background_background&quot;:&quot;classic&quot;}\">\n\t\t\t\t<div class=\"elementor-element elementor-element-fce4c7c elementor-widget elementor-widget-image\" data-id=\"fce4c7c\" data-element_type=\"widget\" data-e-type=\"widget\" data-widget_type=\"image.default\">\n\t\t\t\t<div class=\"elementor-widget-container\">\n\t\t\t\t\t\t\t\t\t\t\t\t\t\t\t<img decoding=\"async\" width=\"110\" height=\"4\" src=\"https:\/\/www.hotel-lacourdesconsuls.com\/wp-content\/uploads\/2024\/02\/Groupe-525.svg\" class=\"attachment-full size-full wp-image-220\" alt=\"\" title=\"\">\t\t\t\t\t\t\t\t\t\t\t\t\t\t\t<\/div>\n\t\t\t\t<\/div>\n\t\t\t\t<div class=\"elementor-element elementor-element-7e909ff elementor-widget elementor-widget-heading\" data-id=\"7e909ff\" data-element_type=\"widget\" data-e-type=\"widget\" data-widget_type=\"heading.default\">\n\t\t\t\t<div class=\"elementor-widget-container\">\n\t\t\t\t\t<h2 class=\"elementor-heading-title elementor-size-default\">Der Canal du Midi<\/h2>\t\t\t\t<\/div>\n\t\t\t\t<\/div>\n\t\t\t\t<div class=\"elementor-element elementor-element-f3d256e elementor-widget elementor-widget-heading\" data-id=\"f3d256e\" data-element_type=\"widget\" data-e-type=\"widget\" data-widget_type=\"heading.default\">\n\t\t\t\t<div class=\"elementor-widget-container\">\n\t\t\t\t\t<span class=\"elementor-heading-title elementor-size-default\">am Wasser<\/span>\t\t\t\t<\/div>\n\t\t\t\t<\/div>\n\t\t\t\t<\/div>\n\t\t<div class=\"elementor-element elementor-element-f75488f e-con-full e-flex e-con e-child\" data-id=\"f75488f\" data-element_type=\"container\" data-e-type=\"container\">\n\t\t\t\t<div class=\"elementor-element elementor-element-c6919f8 elementor-widget__width-initial elementor-widget-tablet__width-inherit elementor-widget elementor-widget-text-editor\" data-id=\"c6919f8\" data-element_type=\"widget\" data-e-type=\"widget\" data-widget_type=\"text-editor.default\">\n\t\t\t\t<div class=\"elementor-widget-container\">\n\t\t\t\t\t\t\t\t\t<p>Der Midi-Kanal ist ein bekannter Schifffahrtskanal, der Toulouse mit dem Meer verbindet, da er bei S\u00e8te in das Mittelmeer m\u00fcndet. Ob mit dem Fahrrad, zu Fu\u00df oder an Bord eines Schiffes - der Canal du Midi wurde zwar im 19. Jahrhundert von Menschenhand geschaffen, aber er bietet die M\u00f6glichkeit, in die Natur einzutauchen und Landschaften zu bewundern, von denen eine sch\u00f6ner und \u00fcberraschender als die andere ist. Er verl\u00e4uft parallel zur Garonne und ist Teil des UNESCO-Weltkulturerbes.<\/p>\t\t\t\t\t\t\t\t<\/div>\n\t\t\t\t<\/div>\n\t\t\t\t<\/div>\n\t\t\t\t<\/div>\n\t\t<div class=\"elementor-element elementor-element-3531100 e-con-full e-flex e-con e-child\" data-id=\"3531100\" data-element_type=\"container\" data-e-type=\"container\">\n\t\t<div class=\"elementor-element elementor-element-e6e21c2 e-con-full e-flex e-con e-child\" data-id=\"e6e21c2\" data-element_type=\"container\" data-e-type=\"container\">\n\t\t\t\t<div class=\"elementor-element elementor-element-6c64ef7 elementor-widget__width-inherit elementor-widget elementor-widget-text-editor\" data-id=\"6c64ef7\" data-element_type=\"widget\" data-e-type=\"widget\" data-widget_type=\"text-editor.default\">\n\t\t\t\t<div class=\"elementor-widget-container\">\n\t\t\t\t\t\t\t\t\t<p>Weil man sich alle sch\u00f6nen Dinge verdienen muss, erreichen Sie die Wasserf\u00e4lle von Roquefort-Les-Cascades nach einer kleinen Wanderung, die hin und zur\u00fcck 1,5 Stunden dauert. Diese Wanderung liegt im S\u00fcden der rosafarbenen Stadt und eignet sich perfekt, wenn Sie eine Wanderung in der Umgebung von Toulouse suchen. Diese Wanderung ist in einer Stunde mit dem Auto erreichbar und f\u00fchrt zu Wasserf\u00e4llen aus Tuffstein.<\/p>\t\t\t\t\t\t\t\t<\/div>\n\t\t\t\t<\/div>\n\t\t\t\t<\/div>\n\t\t<div class=\"elementor-element elementor-element-b585c87 e-con-full e-flex e-con e-child\" data-id=\"b585c87\" data-element_type=\"container\" data-e-type=\"container\" data-settings=\"{&quot;background_background&quot;:&quot;classic&quot;}\">\n\t\t\t\t<div class=\"elementor-element elementor-element-5a2a710 elementor-widget elementor-widget-image\" data-id=\"5a2a710\" data-element_type=\"widget\" data-e-type=\"widget\" data-widget_type=\"image.default\">\n\t\t\t\t<div class=\"elementor-widget-container\">\n\t\t\t\t\t\t\t\t\t\t\t\t\t\t\t<img decoding=\"async\" width=\"110\" height=\"4\" src=\"https:\/\/www.hotel-lacourdesconsuls.com\/wp-content\/uploads\/2024\/02\/Groupe-525.svg\" class=\"attachment-full size-full wp-image-220\" alt=\"\" title=\"\">\t\t\t\t\t\t\t\t\t\t\t\t\t\t\t<\/div>\n\t\t\t\t<\/div>\n\t\t\t\t<div class=\"elementor-element elementor-element-e84baa0 elementor-widget elementor-widget-heading\" data-id=\"e84baa0\" data-element_type=\"widget\" data-e-type=\"widget\" data-widget_type=\"heading.default\">\n\t\t\t\t<div class=\"elementor-widget-container\">\n\t\t\t\t\t<span class=\"elementor-heading-title elementor-size-default\">Wasserf\u00e4lle von Roquefort-Les-Cascades<\/span>\t\t\t\t<\/div>\n\t\t\t\t<\/div>\n\t\t\t\t<div class=\"elementor-element elementor-element-7476298 elementor-widget elementor-widget-heading\" data-id=\"7476298\" data-element_type=\"widget\" data-e-type=\"widget\" data-widget_type=\"heading.default\">\n\t\t\t\t<div class=\"elementor-widget-container\">\n\t\t\t\t\t<h2 class=\"elementor-heading-title elementor-size-default\">Wandern rund um Toulouse<\/h2>\t\t\t\t<\/div>\n\t\t\t\t<\/div>\n\t\t\t\t<div class=\"elementor-element elementor-element-5ba0278 elementor-absolute elementor-widget elementor-widget-image\" data-id=\"5ba0278\" data-element_type=\"widget\" data-e-type=\"widget\" data-settings=\"{&quot;_position&quot;:&quot;absolute&quot;}\" data-widget_type=\"image.default\">\n\t\t\t\t<div class=\"elementor-widget-container\">\n\t\t\t\t\t\t\t\t\t\t\t\t\t\t\t<img fetchpriority=\"high\" decoding=\"async\" width=\"410\" height=\"1353\" src=\"https:\/\/www.hotel-lacourdesconsuls.com\/wp-content\/uploads\/2024\/03\/Groupe-998-2x.png\" class=\"attachment-full size-full wp-image-929\" alt=\"\" srcset=\"https:\/\/www.hotel-lacourdesconsuls.com\/wp-content\/uploads\/2024\/03\/Groupe-998-2x.png 410w, https:\/\/www.hotel-lacourdesconsuls.com\/wp-content\/uploads\/2024\/03\/Groupe-998-2x-91x300.png 91w, https:\/\/www.hotel-lacourdesconsuls.com\/wp-content\/uploads\/2024\/03\/Groupe-998-2x-310x1024.png 310w, https:\/\/www.hotel-lacourdesconsuls.com\/wp-content\/uploads\/2024\/03\/Groupe-998-2x-4x12.png 4w\" sizes=\"(max-width: 410px) 100vw, 410px\" title=\"\">\t\t\t\t\t\t\t\t\t\t\t\t\t\t\t<\/div>\n\t\t\t\t<\/div>\n\t\t\t\t<\/div>\n\t\t\t\t<\/div>\n\t\t<div class=\"elementor-element elementor-element-b691a33 e-con-full bg-white e-flex e-con e-child\" data-id=\"b691a33\" data-element_type=\"container\" data-e-type=\"container\">\n\t\t<div class=\"elementor-element elementor-element-f735c12 e-con-full e-flex e-con e-child\" data-id=\"f735c12\" data-element_type=\"container\" data-e-type=\"container\" data-settings=\"{&quot;background_background&quot;:&quot;classic&quot;}\">\n\t\t\t\t<div class=\"elementor-element elementor-element-103a910 elementor-absolute elementor-widget elementor-widget-image\" data-id=\"103a910\" data-element_type=\"widget\" data-e-type=\"widget\" data-settings=\"{&quot;_position&quot;:&quot;absolute&quot;}\" data-widget_type=\"image.default\">\n\t\t\t\t<div class=\"elementor-widget-container\">\n\t\t\t\t\t\t\t\t\t\t\t\t\t\t\t<img fetchpriority=\"high\" decoding=\"async\" width=\"410\" height=\"1353\" src=\"https:\/\/www.hotel-lacourdesconsuls.com\/wp-content\/uploads\/2024\/03\/Groupe-998-2x.png\" class=\"attachment-full size-full wp-image-929\" alt=\"\" srcset=\"https:\/\/www.hotel-lacourdesconsuls.com\/wp-content\/uploads\/2024\/03\/Groupe-998-2x.png 410w, https:\/\/www.hotel-lacourdesconsuls.com\/wp-content\/uploads\/2024\/03\/Groupe-998-2x-91x300.png 91w, https:\/\/www.hotel-lacourdesconsuls.com\/wp-content\/uploads\/2024\/03\/Groupe-998-2x-310x1024.png 310w, https:\/\/www.hotel-lacourdesconsuls.com\/wp-content\/uploads\/2024\/03\/Groupe-998-2x-4x12.png 4w\" sizes=\"(max-width: 410px) 100vw, 410px\" title=\"\">\t\t\t\t\t\t\t\t\t\t\t\t\t\t\t<\/div>\n\t\t\t\t<\/div>\n\t\t\t\t<div class=\"elementor-element elementor-element-54df876 elementor-widget elementor-widget-image\" data-id=\"54df876\" data-element_type=\"widget\" data-e-type=\"widget\" data-widget_type=\"image.default\">\n\t\t\t\t<div class=\"elementor-widget-container\">\n\t\t\t\t\t\t\t\t\t\t\t\t\t\t\t<img decoding=\"async\" width=\"110\" height=\"4\" src=\"https:\/\/www.hotel-lacourdesconsuls.com\/wp-content\/uploads\/2024\/02\/Groupe-525.svg\" class=\"attachment-full size-full wp-image-220\" alt=\"\" title=\"\">\t\t\t\t\t\t\t\t\t\t\t\t\t\t\t<\/div>\n\t\t\t\t<\/div>\n\t\t\t\t<div class=\"elementor-element elementor-element-62da964 elementor-widget elementor-widget-heading\" data-id=\"62da964\" data-element_type=\"widget\" data-e-type=\"widget\" data-widget_type=\"heading.default\">\n\t\t\t\t<div class=\"elementor-widget-container\">\n\t\t\t\t\t<h2 class=\"elementor-heading-title elementor-size-default\">Der Blaue See<\/h2>\t\t\t\t<\/div>\n\t\t\t\t<\/div>\n\t\t\t\t<div class=\"elementor-element elementor-element-34b7120 elementor-widget elementor-widget-heading\" data-id=\"34b7120\" data-element_type=\"widget\" data-e-type=\"widget\" data-widget_type=\"heading.default\">\n\t\t\t\t<div class=\"elementor-widget-container\">\n\t\t\t\t\t<span class=\"elementor-heading-title elementor-size-default\">Bagn\u00e8res-de-Bigorre<\/span>\t\t\t\t<\/div>\n\t\t\t\t<\/div>\n\t\t\t\t<\/div>\n\t\t<div class=\"elementor-element elementor-element-12c4c13 e-con-full e-flex e-con e-child\" data-id=\"12c4c13\" data-element_type=\"container\" data-e-type=\"container\">\n\t\t\t\t<div class=\"elementor-element elementor-element-229cdd8 elementor-widget__width-inherit elementor-widget elementor-widget-text-editor\" data-id=\"229cdd8\" data-element_type=\"widget\" data-e-type=\"widget\" data-widget_type=\"text-editor.default\">\n\t\t\t\t<div class=\"elementor-widget-container\">\n\t\t\t\t\t\t\t\t\t<p>Entdecken Sie den tiefsten See der Pyren\u00e4en, der 135 m tief ist... Der See liegt in der N\u00e4he von Bagn\u00e8res-de-Bigorre und hat eine sch\u00f6ne blaue Farbe, die ihm den Namen Lac Bleu (Blauer See) eingebracht hat. Um ihn zu erreichen, m\u00fcssen Sie 2,5 Stunden wandern und ein Mindestma\u00df an Kondition mitbringen, da er sich auf 1977 m H\u00f6he befindet.<\/p>\t\t\t\t\t\t\t\t<\/div>\n\t\t\t\t<\/div>\n\t\t\t\t<\/div>\n\t\t\t\t<\/div>\n\t\t<div class=\"elementor-element elementor-element-03b5ead e-con-full e-flex e-con e-child\" data-id=\"03b5ead\" data-element_type=\"container\" data-e-type=\"container\">\n\t\t<div class=\"elementor-element elementor-element-05b2f4a e-con-full e-flex e-con e-child\" data-id=\"05b2f4a\" data-element_type=\"container\" data-e-type=\"container\">\n\t\t<div class=\"elementor-element elementor-element-a6f8549 e-con-full e-flex e-con e-child\" data-id=\"a6f8549\" data-element_type=\"container\" data-e-type=\"container\" data-settings=\"{&quot;background_background&quot;:&quot;classic&quot;}\">\n\t\t\t\t<div class=\"elementor-element elementor-element-a702c76 elementor-absolute elementor-widget elementor-widget-image\" data-id=\"a702c76\" data-element_type=\"widget\" data-e-type=\"widget\" data-settings=\"{&quot;_position&quot;:&quot;absolute&quot;}\" data-widget_type=\"image.default\">\n\t\t\t\t<div class=\"elementor-widget-container\">\n\t\t\t\t\t\t\t\t\t\t\t\t\t\t\t<img fetchpriority=\"high\" decoding=\"async\" width=\"410\" height=\"1353\" src=\"https:\/\/www.hotel-lacourdesconsuls.com\/wp-content\/uploads\/2024\/03\/Groupe-998-2x.png\" class=\"attachment-full size-full wp-image-929\" alt=\"\" srcset=\"https:\/\/www.hotel-lacourdesconsuls.com\/wp-content\/uploads\/2024\/03\/Groupe-998-2x.png 410w, https:\/\/www.hotel-lacourdesconsuls.com\/wp-content\/uploads\/2024\/03\/Groupe-998-2x-91x300.png 91w, https:\/\/www.hotel-lacourdesconsuls.com\/wp-content\/uploads\/2024\/03\/Groupe-998-2x-310x1024.png 310w, https:\/\/www.hotel-lacourdesconsuls.com\/wp-content\/uploads\/2024\/03\/Groupe-998-2x-4x12.png 4w\" sizes=\"(max-width: 410px) 100vw, 410px\" title=\"\">\t\t\t\t\t\t\t\t\t\t\t\t\t\t\t<\/div>\n\t\t\t\t<\/div>\n\t\t\t\t<div class=\"elementor-element elementor-element-7c8a1ef elementor-widget elementor-widget-image\" data-id=\"7c8a1ef\" data-element_type=\"widget\" data-e-type=\"widget\" data-widget_type=\"image.default\">\n\t\t\t\t<div class=\"elementor-widget-container\">\n\t\t\t\t\t\t\t\t\t\t\t\t\t\t\t<img decoding=\"async\" width=\"110\" height=\"4\" src=\"https:\/\/www.hotel-lacourdesconsuls.com\/wp-content\/uploads\/2024\/02\/Groupe-525.svg\" class=\"attachment-full size-full wp-image-220\" alt=\"\" title=\"\">\t\t\t\t\t\t\t\t\t\t\t\t\t\t\t<\/div>\n\t\t\t\t<\/div>\n\t\t\t\t<div class=\"elementor-element elementor-element-7aab514 elementor-widget elementor-widget-heading\" data-id=\"7aab514\" data-element_type=\"widget\" data-e-type=\"widget\" data-widget_type=\"heading.default\">\n\t\t\t\t<div class=\"elementor-widget-container\">\n\t\t\t\t\t<h2 class=\"elementor-heading-title elementor-size-default\">FAUNA &amp; FLORA<\/h2>\t\t\t\t<\/div>\n\t\t\t\t<\/div>\n\t\t\t\t<div class=\"elementor-element elementor-element-f10963e elementor-widget elementor-widget-heading\" data-id=\"f10963e\" data-element_type=\"widget\" data-e-type=\"widget\" data-widget_type=\"heading.default\">\n\t\t\t\t<div class=\"elementor-widget-container\">\n\t\t\t\t\t<span class=\"elementor-heading-title elementor-size-default\">In unserer sch\u00f6nen Region<\/span>\t\t\t\t<\/div>\n\t\t\t\t<\/div>\n\t\t\t\t<\/div>\n\t\t\t\t<div class=\"elementor-element elementor-element-52293ee elementor-widget__width-inherit elementor-widget elementor-widget-text-editor\" data-id=\"52293ee\" data-element_type=\"widget\" data-e-type=\"widget\" data-widget_type=\"text-editor.default\">\n\t\t\t\t<div class=\"elementor-widget-container\">\n\t\t\t\t\t\t\t\t\t<p>Entdecken Sie den nat\u00fcrlichen Reichtum des Midi-Toulousain, ein Gebiet, in dem sich Fauna und Flora in unterschiedlichen Umgebungen entfalten. Die trockenen H\u00e4nge beherbergen Pflanzenarten wie das Montpellier-Aphyllant und wilde Orchideen, w\u00e4hrend Greifv\u00f6gel hier nisten. Die Feuchtwiesen in der N\u00e4he von Wasserl\u00e4ufen bieten Pflanzen wie der Perlhuhnschnecke und dem Lockerbl\u00fctigen Knabenkraut Unterschlupf. Weiter oben beherbergen die Pyren\u00e4en eine seltene Tierwelt mit Arten wie dem Bartgeier und dem Braunb\u00e4ren. Diese unber\u00fchrten Gebiete sind Sch\u00e4tze der Artenvielfalt, die es zu entdecken gilt.<\/p>\t\t\t\t\t\t\t\t<\/div>\n\t\t\t\t<\/div>\n\t\t\t\t<\/div>\n\t\t\t\t<\/div>\n\t\t\t\t\t<\/div>\n\t\t\t\t<\/div>\n\t\t<div class=\"elementor-element elementor-element-c9d0b9b e-flex e-con-boxed e-con e-parent\" data-id=\"c9d0b9b\" data-element_type=\"container\" data-e-type=\"container\">\n\t\t\t\t\t<div class=\"e-con-inner\">\n\t\t<div class=\"elementor-element elementor-element-9735acb e-con-full e-flex e-con e-child\" data-id=\"9735acb\" data-element_type=\"container\" data-e-type=\"container\">\n\t\t\t\t<div class=\"elementor-element elementor-element-e5f2cb7 elementor-widget elementor-widget-image\" data-id=\"e5f2cb7\" data-element_type=\"widget\" data-e-type=\"widget\" data-widget_type=\"image.default\">\n\t\t\t\t<div class=\"elementor-widget-container\">\n\t\t\t\t\t\t\t\t\t\t\t\t\t\t\t<img decoding=\"async\" width=\"110\" height=\"4\" src=\"https:\/\/www.hotel-lacourdesconsuls.com\/wp-content\/uploads\/2024\/02\/Groupe-525.svg\" class=\"attachment-full size-full wp-image-220\" alt=\"\" title=\"\">\t\t\t\t\t\t\t\t\t\t\t\t\t\t\t<\/div>\n\t\t\t\t<\/div>\n\t\t\t\t<div class=\"elementor-element elementor-element-8f24f9f elementor-widget elementor-widget-heading\" data-id=\"8f24f9f\" data-element_type=\"widget\" data-e-type=\"widget\" data-widget_type=\"heading.default\">\n\t\t\t\t<div class=\"elementor-widget-container\">\n\t\t\t\t\t<h2 class=\"elementor-heading-title elementor-size-default\">Die Karte der nat\u00fcrlichen Sehensw\u00fcrdigkeiten<\/h2>\t\t\t\t<\/div>\n\t\t\t\t<\/div>\n\t\t\t\t<\/div>\n\t\t<div class=\"elementor-element elementor-element-3f5db44 e-con-full e-flex e-con e-child\" data-id=\"3f5db44\" data-element_type=\"container\" data-e-type=\"container\">\n\t\t\t\t<div class=\"elementor-element elementor-element-1d9d096 elementor-widget elementor-widget-google_maps\" data-id=\"1d9d096\" data-element_type=\"widget\" data-e-type=\"widget\" data-widget_type=\"google_maps.default\">\n\t\t\t\t<div class=\"elementor-widget-container\">\n\t\t\t\t\t\t\t<div class=\"elementor-custom-embed\">\n\t\t\t<iframe loading=\"lazy\"\n\t\t\t\t\tsrc=\"https:\/\/maps.google.com\/maps?q=La%20Cour%20des%20Consuls%20Hotel%20%26%20Spa%20Toulouse&#038;t=m&#038;z=13&#038;output=embed&#038;iwloc=near\"\n\t\t\t\t\ttitle=\"La Cour des Consuls Hotel &amp; Spa Toulouse\"\n\t\t\t\t\taria-label=\"La Cour des Consuls Hotel &amp; Spa Toulouse\"\n\t\t\t><\/iframe>\n\t\t<\/div>\n\t\t\t\t\t\t<\/div>\n\t\t\t\t<\/div>\n\t\t\t\t<\/div>\n\t\t\t\t\t<\/div>\n\t\t\t\t<\/div>\n\t\t\t\t<\/div>","protected":false},"excerpt":{"rendered":"<p>Sites naturels Randonn\u00e9es autour de Toulouse au coeur de la nature garonnaise Le Canal du Midi au fil de l&rsquo;eau Canal de navigation tr\u00e8s connu, il permet de relier Toulouse [&hellip;]<\/p>\n","protected":false},"author":12,"featured_media":812,"parent":85,"menu_order":0,"comment_status":"closed","ping_status":"closed","template":"","meta":{"inline_featured_image":false,"_price":"","_stock":"","_tribe_ticket_header":"","_tribe_default_ticket_provider":"","_tribe_ticket_capacity":"0","_ticket_start_date":"","_ticket_end_date":"","_tribe_ticket_show_description":"","_tribe_ticket_show_not_going":false,"_tribe_ticket_use_global_stock":"","_tribe_ticket_global_stock_level":"","_global_stock_mode":"","_global_stock_cap":"","_tribe_rsvp_for_event":"","_tribe_ticket_going_count":"","_tribe_ticket_not_going_count":"","_tribe_tickets_list":"[]","_tribe_ticket_has_attendee_info_fields":false,"footnotes":"","_tec_slr_enabled":"","_tec_slr_layout":""},"class_list":["post-91","page","type-page","status-publish","has-post-thumbnail","hentry"],"ticketed":false,"_links":{"self":[{"href":"https:\/\/www.hotel-lacourdesconsuls.com\/de\/wp-json\/wp\/v2\/pages\/91","targetHints":{"allow":["GET"]}}],"collection":[{"href":"https:\/\/www.hotel-lacourdesconsuls.com\/de\/wp-json\/wp\/v2\/pages"}],"about":[{"href":"https:\/\/www.hotel-lacourdesconsuls.com\/de\/wp-json\/wp\/v2\/types\/page"}],"author":[{"embeddable":true,"href":"https:\/\/www.hotel-lacourdesconsuls.com\/de\/wp-json\/wp\/v2\/users\/12"}],"replies":[{"embeddable":true,"href":"https:\/\/www.hotel-lacourdesconsuls.com\/de\/wp-json\/wp\/v2\/comments?post=91"}],"version-history":[{"count":55,"href":"https:\/\/www.hotel-lacourdesconsuls.com\/de\/wp-json\/wp\/v2\/pages\/91\/revisions"}],"predecessor-version":[{"id":3599,"href":"https:\/\/www.hotel-lacourdesconsuls.com\/de\/wp-json\/wp\/v2\/pages\/91\/revisions\/3599"}],"up":[{"embeddable":true,"href":"https:\/\/www.hotel-lacourdesconsuls.com\/de\/wp-json\/wp\/v2\/pages\/85"}],"wp:featuredmedia":[{"embeddable":true,"href":"https:\/\/www.hotel-lacourdesconsuls.com\/de\/wp-json\/wp\/v2\/media\/812"}],"wp:attachment":[{"href":"https:\/\/www.hotel-lacourdesconsuls.com\/de\/wp-json\/wp\/v2\/media?parent=91"}],"curies":[{"name":"wp","href":"https:\/\/api.w.org\/{rel}","templated":true}]}}