{"id":83,"date":"2024-02-14T10:55:47","date_gmt":"2024-02-14T09:55:47","guid":{"rendered":"https:\/\/www.hotel-lacourdesconsuls.com\/?page_id=83"},"modified":"2025-12-10T15:20:39","modified_gmt":"2025-12-10T14:20:39","slug":"relax-hotel-spa-toulouse","status":"publish","type":"page","link":"https:\/\/www.hotel-lacourdesconsuls.com\/en\/se-relaxer-hotel-spa-toulouse\/","title":{"rendered":"Relaxing"},"content":{"rendered":"<div data-elementor-type=\"wp-page\" data-elementor-id=\"83\" class=\"elementor elementor-83\" data-elementor-post-type=\"page\">\n\t\t\t\t<div class=\"elementor-element elementor-element-83dd0f5 e-flex e-con-boxed e-con e-parent\" data-id=\"83dd0f5\" data-element_type=\"container\" data-e-type=\"container\" data-settings=\"{&quot;background_background&quot;:&quot;classic&quot;}\">\n\t\t\t\t\t<div class=\"e-con-inner\">\n\t\t<div class=\"elementor-element elementor-element-454587a e-flex e-con-boxed e-con e-child\" data-id=\"454587a\" data-element_type=\"container\" data-e-type=\"container\">\n\t\t\t\t\t<div class=\"e-con-inner\">\n\t\t\t\t<div class=\"elementor-element elementor-element-35b43df elementor-widget elementor-widget-heading\" data-id=\"35b43df\" data-element_type=\"widget\" data-e-type=\"widget\" data-widget_type=\"heading.default\">\n\t\t\t\t<div class=\"elementor-widget-container\">\n\t\t\t\t\t<h1 class=\"elementor-heading-title elementor-size-default\">Relaxing<\/h1>\t\t\t\t<\/div>\n\t\t\t\t<\/div>\n\t\t\t\t\t<\/div>\n\t\t\t\t<\/div>\n\t\t\t\t\t<\/div>\n\t\t\t\t<\/div>\n\t\t<div class=\"elementor-element elementor-element-49fe223 e-flex e-con-boxed e-con e-parent\" data-id=\"49fe223\" data-element_type=\"container\" data-e-type=\"container\">\n\t\t\t\t\t<div class=\"e-con-inner\">\n\t\t<div class=\"elementor-element elementor-element-2f18d59 e-con-full e-flex e-con e-child\" data-id=\"2f18d59\" data-element_type=\"container\" data-e-type=\"container\">\n\t\t\t\t<div class=\"elementor-element elementor-element-ddec757 elementor-widget elementor-widget-image\" data-id=\"ddec757\" data-element_type=\"widget\" data-e-type=\"widget\" data-widget_type=\"image.default\">\n\t\t\t\t<div class=\"elementor-widget-container\">\n\t\t\t\t\t\t\t\t\t\t\t\t\t\t\t<img decoding=\"async\" width=\"110\" height=\"4\" src=\"https:\/\/www.hotel-lacourdesconsuls.com\/wp-content\/uploads\/2024\/02\/Groupe-525.svg\" class=\"attachment-full size-full wp-image-220\" alt=\"\" title=\"\">\t\t\t\t\t\t\t\t\t\t\t\t\t\t\t<\/div>\n\t\t\t\t<\/div>\n\t\t\t\t<div class=\"elementor-element elementor-element-98fa70d elementor-widget__width-initial elementor-widget elementor-widget-heading\" data-id=\"98fa70d\" data-element_type=\"widget\" data-e-type=\"widget\" data-widget_type=\"heading.default\">\n\t\t\t\t<div class=\"elementor-widget-container\">\n\t\t\t\t\t<h2 class=\"elementor-heading-title elementor-size-default\">Espace <br>bien-\u00eatre<\/h2>\t\t\t\t<\/div>\n\t\t\t\t<\/div>\n\t\t\t\t<div class=\"elementor-element elementor-element-4751720 elementor-widget elementor-widget-heading\" data-id=\"4751720\" data-element_type=\"widget\" data-e-type=\"widget\" data-widget_type=\"heading.default\">\n\t\t\t\t<div class=\"elementor-widget-container\">\n\t\t\t\t\t<h3 class=\"elementor-heading-title elementor-size-default\">The Spa at La Cour des Consuls<\/h3>\t\t\t\t<\/div>\n\t\t\t\t<\/div>\n\t\t\t\t<div class=\"elementor-element elementor-element-d6207a1 elementor-widget__width-initial elementor-widget elementor-widget-text-editor\" data-id=\"d6207a1\" data-element_type=\"widget\" data-e-type=\"widget\" data-widget_type=\"text-editor.default\">\n\t\t\t\t<div class=\"elementor-widget-container\">\n\t\t\t\t\t\t\t\t\t<p>Our Spa is the touch of serenity in your luxury interlude at La Cour des Consuls H\u00f4tel &amp; Spa in Toulouse. Designed to resemble a bourgeois flat in a world of white colours, the spa works with the Graine de Pastel and Gemology brands to offer a cocoon of softness and well-being. Four cabins bathed in natural light, a steam bath, a traditional hammam, as well as a relaxation room and an herbal tea room.<\/p>\t\t\t\t\t\t\t\t<\/div>\n\t\t\t\t<\/div>\n\t\t\t\t<div class=\"elementor-element elementor-element-2d24eb7 btn-border elementor-widget elementor-widget-button\" data-id=\"2d24eb7\" data-element_type=\"widget\" data-e-type=\"widget\" data-widget_type=\"button.default\">\n\t\t\t\t<div class=\"elementor-widget-container\">\n\t\t\t\t\t\t\t\t\t<div class=\"elementor-button-wrapper\">\n\t\t\t\t\t<a class=\"elementor-button elementor-button-link elementor-size-sm\" href=\"https:\/\/www.spa-lacourdesconsuls.com\/\" target=\"_blank\" rel=\"nofollow noopener\">\n\t\t\t\t\t\t<span class=\"elementor-button-content-wrapper\">\n\t\t\t\t\t\t\t\t\t<span class=\"elementor-button-text\">Discover the Spa<\/span>\n\t\t\t\t\t<\/span>\n\t\t\t\t\t<\/a>\n\t\t\t\t<\/div>\n\t\t\t\t\t\t\t\t<\/div>\n\t\t\t\t<\/div>\n\t\t\t\t<\/div>\n\t\t<div class=\"elementor-element elementor-element-1f7775c e-con-full e-flex e-con e-child\" data-id=\"1f7775c\" data-element_type=\"container\" data-e-type=\"container\">\n\t\t\t\t<div class=\"elementor-element elementor-element-0f857c7 elementor-hidden-tablet elementor-hidden-mobile elementor-widget elementor-widget-image\" data-id=\"0f857c7\" data-element_type=\"widget\" data-e-type=\"widget\" data-widget_type=\"image.default\">\n\t\t\t\t<div class=\"elementor-widget-container\">\n\t\t\t\t\t\t\t\t\t\t\t\t\t\t\t<img fetchpriority=\"high\" decoding=\"async\" width=\"466\" height=\"476\" src=\"https:\/\/www.hotel-lacourdesconsuls.com\/wp-content\/uploads\/2024\/03\/Groupe-998-1.png\" class=\"attachment-large size-large wp-image-622\" alt=\"\" srcset=\"https:\/\/www.hotel-lacourdesconsuls.com\/wp-content\/uploads\/2024\/03\/Groupe-998-1.png 466w, https:\/\/www.hotel-lacourdesconsuls.com\/wp-content\/uploads\/2024\/03\/Groupe-998-1-294x300.png 294w, https:\/\/www.hotel-lacourdesconsuls.com\/wp-content\/uploads\/2024\/03\/Groupe-998-1-12x12.png 12w\" sizes=\"(max-width: 466px) 100vw, 466px\" title=\"\">\t\t\t\t\t\t\t\t\t\t\t\t\t\t\t<\/div>\n\t\t\t\t<\/div>\n\t\t\t\t<div class=\"elementor-element elementor-element-613ffee elementor-widget elementor-widget-image\" data-id=\"613ffee\" data-element_type=\"widget\" data-e-type=\"widget\" data-widget_type=\"image.default\">\n\t\t\t\t<div class=\"elementor-widget-container\">\n\t\t\t\t\t\t\t\t\t\t\t\t\t\t\t<img decoding=\"async\" width=\"1920\" height=\"1280\" src=\"https:\/\/www.hotel-lacourdesconsuls.com\/wp-content\/uploads\/2024\/06\/2019-La-Cour-des-Consuls-\u00a9Spatule-Prod-270.jpg\" class=\"attachment-full size-full wp-image-2130\" alt=\"\" srcset=\"https:\/\/www.hotel-lacourdesconsuls.com\/wp-content\/uploads\/2024\/06\/2019-La-Cour-des-Consuls-\u00a9Spatule-Prod-270.jpg 1920w, https:\/\/www.hotel-lacourdesconsuls.com\/wp-content\/uploads\/2024\/06\/2019-La-Cour-des-Consuls-\u00a9Spatule-Prod-270-300x200.jpg 300w, https:\/\/www.hotel-lacourdesconsuls.com\/wp-content\/uploads\/2024\/06\/2019-La-Cour-des-Consuls-\u00a9Spatule-Prod-270-1024x683.jpg 1024w, https:\/\/www.hotel-lacourdesconsuls.com\/wp-content\/uploads\/2024\/06\/2019-La-Cour-des-Consuls-\u00a9Spatule-Prod-270-768x512.jpg 768w, https:\/\/www.hotel-lacourdesconsuls.com\/wp-content\/uploads\/2024\/06\/2019-La-Cour-des-Consuls-\u00a9Spatule-Prod-270-1536x1024.jpg 1536w, https:\/\/www.hotel-lacourdesconsuls.com\/wp-content\/uploads\/2024\/06\/2019-La-Cour-des-Consuls-\u00a9Spatule-Prod-270-18x12.jpg 18w\" sizes=\"(max-width: 1920px) 100vw, 1920px\" title=\"\">\t\t\t\t\t\t\t\t\t\t\t\t\t\t\t<\/div>\n\t\t\t\t<\/div>\n\t\t\t\t<div class=\"elementor-element elementor-element-ad96398 elementor-hidden-mobile elementor-widget elementor-widget-image\" data-id=\"ad96398\" data-element_type=\"widget\" data-e-type=\"widget\" data-widget_type=\"image.default\">\n\t\t\t\t<div class=\"elementor-widget-container\">\n\t\t\t\t\t\t\t\t\t\t\t\t\t\t\t<img fetchpriority=\"high\" decoding=\"async\" width=\"466\" height=\"476\" src=\"https:\/\/www.hotel-lacourdesconsuls.com\/wp-content\/uploads\/2024\/03\/Groupe-998-1.png\" class=\"attachment-large size-large wp-image-622\" alt=\"\" srcset=\"https:\/\/www.hotel-lacourdesconsuls.com\/wp-content\/uploads\/2024\/03\/Groupe-998-1.png 466w, https:\/\/www.hotel-lacourdesconsuls.com\/wp-content\/uploads\/2024\/03\/Groupe-998-1-294x300.png 294w, https:\/\/www.hotel-lacourdesconsuls.com\/wp-content\/uploads\/2024\/03\/Groupe-998-1-12x12.png 12w\" sizes=\"(max-width: 466px) 100vw, 466px\" title=\"\">\t\t\t\t\t\t\t\t\t\t\t\t\t\t\t<\/div>\n\t\t\t\t<\/div>\n\t\t\t\t<\/div>\n\t\t\t\t\t<\/div>\n\t\t\t\t<\/div>\n\t\t<div class=\"elementor-element elementor-element-ab7b580 e-con-full e-flex e-con e-parent\" data-id=\"ab7b580\" data-element_type=\"container\" data-e-type=\"container\">\n\t\t<div class=\"elementor-element elementor-element-bc90304 e-con-full e-flex e-con e-child\" data-id=\"bc90304\" data-element_type=\"container\" data-e-type=\"container\">\n\t\t<div class=\"elementor-element elementor-element-ea74735 e-con-full e-flex e-con e-child\" data-id=\"ea74735\" data-element_type=\"container\" data-e-type=\"container\">\n\t\t\t\t<div class=\"elementor-element elementor-element-14ae4e8 elementor-widget elementor-widget-image\" data-id=\"14ae4e8\" data-element_type=\"widget\" data-e-type=\"widget\" data-widget_type=\"image.default\">\n\t\t\t\t<div class=\"elementor-widget-container\">\n\t\t\t\t\t\t\t\t\t\t\t\t\t\t\t<img loading=\"lazy\" decoding=\"async\" width=\"1920\" height=\"1280\" src=\"https:\/\/www.hotel-lacourdesconsuls.com\/wp-content\/uploads\/2024\/04\/Salle-de-fitness.jpg\" class=\"attachment-full size-full wp-image-1547\" alt=\"\" srcset=\"https:\/\/www.hotel-lacourdesconsuls.com\/wp-content\/uploads\/2024\/04\/Salle-de-fitness.jpg 1920w, https:\/\/www.hotel-lacourdesconsuls.com\/wp-content\/uploads\/2024\/04\/Salle-de-fitness-300x200.jpg 300w, https:\/\/www.hotel-lacourdesconsuls.com\/wp-content\/uploads\/2024\/04\/Salle-de-fitness-1024x683.jpg 1024w, https:\/\/www.hotel-lacourdesconsuls.com\/wp-content\/uploads\/2024\/04\/Salle-de-fitness-768x512.jpg 768w, https:\/\/www.hotel-lacourdesconsuls.com\/wp-content\/uploads\/2024\/04\/Salle-de-fitness-1536x1024.jpg 1536w, https:\/\/www.hotel-lacourdesconsuls.com\/wp-content\/uploads\/2024\/04\/Salle-de-fitness-18x12.jpg 18w\" sizes=\"(max-width: 1920px) 100vw, 1920px\" title=\"\">\t\t\t\t\t\t\t\t\t\t\t\t\t\t\t<\/div>\n\t\t\t\t<\/div>\n\t\t\t\t<div class=\"elementor-element elementor-element-69cd632 elementor-absolute elementor-widget elementor-widget-image\" data-id=\"69cd632\" data-element_type=\"widget\" data-e-type=\"widget\" data-settings=\"{&quot;_position&quot;:&quot;absolute&quot;}\" data-widget_type=\"image.default\">\n\t\t\t\t<div class=\"elementor-widget-container\">\n\t\t\t\t\t\t\t\t\t\t\t\t\t\t\t<img loading=\"lazy\" decoding=\"async\" width=\"272\" height=\"1024\" src=\"https:\/\/www.hotel-lacourdesconsuls.com\/wp-content\/uploads\/2024\/03\/Groupe-947-272x1024.png\" class=\"attachment-large size-large wp-image-645\" alt=\"\" srcset=\"https:\/\/www.hotel-lacourdesconsuls.com\/wp-content\/uploads\/2024\/03\/Groupe-947-272x1024.png 272w, https:\/\/www.hotel-lacourdesconsuls.com\/wp-content\/uploads\/2024\/03\/Groupe-947-80x300.png 80w, https:\/\/www.hotel-lacourdesconsuls.com\/wp-content\/uploads\/2024\/03\/Groupe-947-3x12.png 3w, https:\/\/www.hotel-lacourdesconsuls.com\/wp-content\/uploads\/2024\/03\/Groupe-947.png 285w\" sizes=\"(max-width: 272px) 100vw, 272px\" title=\"\">\t\t\t\t\t\t\t\t\t\t\t\t\t\t\t<\/div>\n\t\t\t\t<\/div>\n\t\t\t\t<\/div>\n\t\t<div class=\"elementor-element elementor-element-4479387 e-con-full e-flex e-con e-child\" data-id=\"4479387\" data-element_type=\"container\" data-e-type=\"container\">\n\t\t\t\t<div class=\"elementor-element elementor-element-4a7f1e4 elementor-widget elementor-widget-image\" data-id=\"4a7f1e4\" data-element_type=\"widget\" data-e-type=\"widget\" data-widget_type=\"image.default\">\n\t\t\t\t<div class=\"elementor-widget-container\">\n\t\t\t\t\t\t\t\t\t\t\t\t\t\t\t<img decoding=\"async\" width=\"110\" height=\"4\" src=\"https:\/\/www.hotel-lacourdesconsuls.com\/wp-content\/uploads\/2024\/02\/Groupe-525.svg\" class=\"attachment-full size-full wp-image-220\" alt=\"\" title=\"\">\t\t\t\t\t\t\t\t\t\t\t\t\t\t\t<\/div>\n\t\t\t\t<\/div>\n\t\t\t\t<div class=\"elementor-element elementor-element-4eeb6f1 elementor-widget elementor-widget-heading\" data-id=\"4eeb6f1\" data-element_type=\"widget\" data-e-type=\"widget\" data-widget_type=\"heading.default\">\n\t\t\t\t<div class=\"elementor-widget-container\">\n\t\t\t\t\t<h2 class=\"elementor-heading-title elementor-size-default\">Fitness area<\/h2>\t\t\t\t<\/div>\n\t\t\t\t<\/div>\n\t\t\t\t<div class=\"elementor-element elementor-element-2723c44 elementor-widget elementor-widget-heading\" data-id=\"2723c44\" data-element_type=\"widget\" data-e-type=\"widget\" data-widget_type=\"heading.default\">\n\t\t\t\t<div class=\"elementor-widget-container\">\n\t\t\t\t\t<h3 class=\"elementor-heading-title elementor-size-default\">Take care of your fitness<\/h3>\t\t\t\t<\/div>\n\t\t\t\t<\/div>\n\t\t\t\t<div class=\"elementor-element elementor-element-bf031da elementor-widget__width-initial elementor-widget-mobile__width-inherit elementor-widget elementor-widget-text-editor\" data-id=\"bf031da\" data-element_type=\"widget\" data-e-type=\"widget\" data-widget_type=\"text-editor.default\">\n\t\t\t\t<div class=\"elementor-widget-container\">\n\t\t\t\t\t\t\t\t\t<p>The hotel's fitness centre is open exclusively to hotel guests, 24 hours a day, every day. To help you stay in shape even during your stay with us, it has treadmills, exercise bikes and an elliptical.<\/p>\t\t\t\t\t\t\t\t<\/div>\n\t\t\t\t<\/div>\n\t\t\t\t<\/div>\n\t\t\t\t<\/div>\n\t\t\t\t<\/div>\n\t\t<div class=\"elementor-element elementor-element-06c2811 e-con-full e-flex e-con e-parent\" data-id=\"06c2811\" data-element_type=\"container\" data-e-type=\"container\" data-settings=\"{&quot;background_background&quot;:&quot;classic&quot;}\">\n\t\t\t\t<div class=\"elementor-element elementor-element-5d800a0 elementor-arrows-position-inside elementor-widget elementor-widget-image-carousel\" data-id=\"5d800a0\" data-element_type=\"widget\" data-e-type=\"widget\" data-settings=\"{&quot;slides_to_show&quot;:&quot;3&quot;,&quot;navigation&quot;:&quot;arrows&quot;,&quot;slides_to_show_tablet&quot;:&quot;1&quot;,&quot;slides_to_scroll&quot;:&quot;1&quot;,&quot;autoplay&quot;:&quot;yes&quot;,&quot;pause_on_hover&quot;:&quot;yes&quot;,&quot;pause_on_interaction&quot;:&quot;yes&quot;,&quot;autoplay_speed&quot;:5000,&quot;infinite&quot;:&quot;yes&quot;,&quot;speed&quot;:500,&quot;image_spacing_custom&quot;:{&quot;unit&quot;:&quot;px&quot;,&quot;size&quot;:20,&quot;sizes&quot;:[]}}\" data-widget_type=\"image-carousel.default\">\n\t\t\t\t<div class=\"elementor-widget-container\">\n\t\t\t\t\t\t\t<div class=\"elementor-image-carousel-wrapper swiper\" role=\"region\" aria-roledescription=\"carousel\" aria-label=\"Image carousel\" dir=\"ltr\">\n\t\t\t<div class=\"elementor-image-carousel swiper-wrapper\" aria-live=\"off\">\n\t\t\t\t\t\t\t\t<div class=\"swiper-slide\" role=\"group\" aria-roledescription=\"slide\" aria-label=\"1 of 6\"><figure class=\"swiper-slide-inner\"><img decoding=\"async\" class=\"swiper-slide-image\" src=\"https:\/\/www.hotel-lacourdesconsuls.com\/wp-content\/uploads\/elementor\/thumbs\/Spa2-1-qmqlopewbrpf11gkbfsbyraxliirrzv64dycnog03s.jpg\" alt=\"Spa2\" title=\"\"><\/figure><\/div><div class=\"swiper-slide\" role=\"group\" aria-roledescription=\"slide\" aria-label=\"2 out of 6\"><figure class=\"swiper-slide-inner\"><img decoding=\"async\" class=\"swiper-slide-image\" src=\"https:\/\/www.hotel-lacourdesconsuls.com\/wp-content\/uploads\/elementor\/thumbs\/Spa-1-qmqlooh24xo4pfhxgxdpe9jh04nekarfs9av6ehea0.jpg\" alt=\"Spa\" title=\"\"><\/figure><\/div><div class=\"swiper-slide\" role=\"group\" aria-roledescription=\"slide\" aria-label=\"3 sur 6\"><figure class=\"swiper-slide-inner\"><img decoding=\"async\" class=\"swiper-slide-image\" src=\"https:\/\/www.hotel-lacourdesconsuls.com\/wp-content\/uploads\/elementor\/thumbs\/Spa4-1-qmqlos8ew9t9zvcguz07o8lbdo4vf36d4rwt3ibtl4.jpg\" alt=\"Spa4\" title=\"\"><\/figure><\/div><div class=\"swiper-slide\" role=\"group\" aria-roledescription=\"slide\" aria-label=\"4 sur 6\"><figure class=\"swiper-slide-inner\"><img decoding=\"async\" class=\"swiper-slide-image\" src=\"https:\/\/www.hotel-lacourdesconsuls.com\/wp-content\/uploads\/2024\/04\/Spa3-1.jpg\" alt=\"\" title=\"\"><\/figure><\/div><div class=\"swiper-slide\" role=\"group\" aria-roledescription=\"slide\" aria-label=\"5 sur 6\"><figure class=\"swiper-slide-inner\"><img decoding=\"async\" class=\"swiper-slide-image\" src=\"https:\/\/www.hotel-lacourdesconsuls.com\/wp-content\/uploads\/elementor\/thumbs\/Salle-de-fitness-1-qmqlozr4ey3kkr1jn29886p04r3t4o07tt4oxq0o7c.jpg\" alt=\"Fitness room\" title=\"\"><\/figure><\/div><div class=\"swiper-slide\" role=\"group\" aria-roledescription=\"slide\" aria-label=\"6 sur 6\"><figure class=\"swiper-slide-inner\"><img decoding=\"async\" class=\"swiper-slide-image\" src=\"https:\/\/www.hotel-lacourdesconsuls.com\/wp-content\/uploads\/elementor\/thumbs\/spa-graine-pastel-se-relaxer-hotel-de-la-cite-qltotkpwvs1qhgf0biursmr36889shydl3dxntmqh4.jpg\" alt=\"spa-graine pastel - relax hotel de la cite\" title=\"\"><\/figure><\/div>\t\t\t<\/div>\n\t\t\t\t\t\t\t\t\t\t\t\t<div class=\"elementor-swiper-button elementor-swiper-button-prev\" role=\"button\" tabindex=\"0\">\n\t\t\t\t\t\t<i aria-hidden=\"true\" class=\"eicon-chevron-left\"><\/i>\t\t\t\t\t<\/div>\n\t\t\t\t\t<div class=\"elementor-swiper-button elementor-swiper-button-next\" role=\"button\" tabindex=\"0\">\n\t\t\t\t\t\t<i aria-hidden=\"true\" class=\"eicon-chevron-right\"><\/i>\t\t\t\t\t<\/div>\n\t\t\t\t\n\t\t\t\t\t\t\t\t\t<\/div>\n\t\t\t\t\t\t<\/div>\n\t\t\t\t<\/div>\n\t\t\t\t<\/div>\n\t\t\t\t<\/div>","protected":false},"excerpt":{"rendered":"<p>Se Relaxer Espace bien-\u00eatre Le Spa de La Cour des Consuls Notre Spa est la touche de s\u00e9r\u00e9nit\u00e9 dans votre parenth\u00e8se de luxe au sein de La Cour des Consuls [&hellip;]<\/p>\n","protected":false},"author":12,"featured_media":884,"parent":0,"menu_order":0,"comment_status":"closed","ping_status":"closed","template":"","meta":{"inline_featured_image":false,"_price":"","_stock":"","_tribe_ticket_header":"","_tribe_default_ticket_provider":"","_tribe_ticket_capacity":"0","_ticket_start_date":"","_ticket_end_date":"","_tribe_ticket_show_description":"","_tribe_ticket_show_not_going":false,"_tribe_ticket_use_global_stock":"","_tribe_ticket_global_stock_level":"","_global_stock_mode":"","_global_stock_cap":"","_tribe_rsvp_for_event":"","_tribe_ticket_going_count":"","_tribe_ticket_not_going_count":"","_tribe_tickets_list":"[]","_tribe_ticket_has_attendee_info_fields":false,"footnotes":"","_tec_slr_enabled":"","_tec_slr_layout":""},"class_list":["post-83","page","type-page","status-publish","has-post-thumbnail","hentry"],"ticketed":false,"_links":{"self":[{"href":"https:\/\/www.hotel-lacourdesconsuls.com\/en\/wp-json\/wp\/v2\/pages\/83","targetHints":{"allow":["GET"]}}],"collection":[{"href":"https:\/\/www.hotel-lacourdesconsuls.com\/en\/wp-json\/wp\/v2\/pages"}],"about":[{"href":"https:\/\/www.hotel-lacourdesconsuls.com\/en\/wp-json\/wp\/v2\/types\/page"}],"author":[{"embeddable":true,"href":"https:\/\/www.hotel-lacourdesconsuls.com\/en\/wp-json\/wp\/v2\/users\/12"}],"replies":[{"embeddable":true,"href":"https:\/\/www.hotel-lacourdesconsuls.com\/en\/wp-json\/wp\/v2\/comments?post=83"}],"version-history":[{"count":70,"href":"https:\/\/www.hotel-lacourdesconsuls.com\/en\/wp-json\/wp\/v2\/pages\/83\/revisions"}],"predecessor-version":[{"id":3737,"href":"https:\/\/www.hotel-lacourdesconsuls.com\/en\/wp-json\/wp\/v2\/pages\/83\/revisions\/3737"}],"wp:featuredmedia":[{"embeddable":true,"href":"https:\/\/www.hotel-lacourdesconsuls.com\/en\/wp-json\/wp\/v2\/media\/884"}],"wp:attachment":[{"href":"https:\/\/www.hotel-lacourdesconsuls.com\/en\/wp-json\/wp\/v2\/media?parent=83"}],"curies":[{"name":"wp","href":"https:\/\/api.w.org\/{rel}","templated":true}]}}