{"id":89,"date":"2024-02-14T10:57:21","date_gmt":"2024-02-14T09:57:21","guid":{"rendered":"https:\/\/www.hotel-lacourdesconsuls.com\/?page_id=89"},"modified":"2025-04-03T12:30:00","modified_gmt":"2025-04-03T10:30:00","slug":"actividades-deportivas-toulouse","status":"publish","type":"page","link":"https:\/\/www.hotel-lacourdesconsuls.com\/es\/tourisme-visiter-toulouse-et-alentours\/activites-sportives-toulouse\/","title":{"rendered":"Actividades"},"content":{"rendered":"<div data-elementor-type=\"wp-page\" data-elementor-id=\"89\" class=\"elementor elementor-89\" data-elementor-post-type=\"page\">\n\t\t\t\t<div class=\"elementor-element elementor-element-eaab589 e-flex e-con-boxed e-con e-parent\" data-id=\"eaab589\" data-element_type=\"container\" data-e-type=\"container\" data-settings=\"{&quot;background_background&quot;:&quot;classic&quot;}\">\n\t\t\t\t\t<div class=\"e-con-inner\">\n\t\t<div class=\"elementor-element elementor-element-7039063 e-flex e-con-boxed e-con e-child\" data-id=\"7039063\" data-element_type=\"container\" data-e-type=\"container\">\n\t\t\t\t\t<div class=\"e-con-inner\">\n\t\t\t\t<div class=\"elementor-element elementor-element-326c1ae elementor-widget elementor-widget-heading\" data-id=\"326c1ae\" data-element_type=\"widget\" data-e-type=\"widget\" data-widget_type=\"heading.default\">\n\t\t\t\t<div class=\"elementor-widget-container\">\n\t\t\t\t\t<h1 class=\"elementor-heading-title elementor-size-default\">Actividades<\/h1>\t\t\t\t<\/div>\n\t\t\t\t<\/div>\n\t\t\t\t\t<\/div>\n\t\t\t\t<\/div>\n\t\t\t\t\t<\/div>\n\t\t\t\t<\/div>\n\t\t<div class=\"elementor-element elementor-element-7300b94 e-flex e-con-boxed e-con e-parent\" data-id=\"7300b94\" data-element_type=\"container\" data-e-type=\"container\" data-settings=\"{&quot;background_background&quot;:&quot;classic&quot;}\">\n\t\t\t\t\t<div class=\"e-con-inner\">\n\t\t\t\t<div class=\"elementor-element elementor-element-aa861de elementor-widget elementor-widget-image\" data-id=\"aa861de\" data-element_type=\"widget\" data-e-type=\"widget\" data-widget_type=\"image.default\">\n\t\t\t\t<div class=\"elementor-widget-container\">\n\t\t\t\t\t\t\t\t\t\t\t\t\t\t\t<img decoding=\"async\" width=\"110\" height=\"4\" src=\"https:\/\/www.hotel-lacourdesconsuls.com\/wp-content\/uploads\/2024\/02\/Groupe-525.svg\" class=\"attachment-full size-full wp-image-220\" alt=\"\" title=\"\">\t\t\t\t\t\t\t\t\t\t\t\t\t\t\t<\/div>\n\t\t\t\t<\/div>\n\t\t\t\t<div class=\"elementor-element elementor-element-96a5068 elementor-widget elementor-widget-heading\" data-id=\"96a5068\" data-element_type=\"widget\" data-e-type=\"widget\" data-widget_type=\"heading.default\">\n\t\t\t\t<div class=\"elementor-widget-container\">\n\t\t\t\t\t<span class=\"elementor-heading-title elementor-size-default\">Los distintos descubrimientos<\/span>\t\t\t\t<\/div>\n\t\t\t\t<\/div>\n\t\t\t\t<div class=\"elementor-element elementor-element-7bbcf34 elementor-widget elementor-widget-heading\" data-id=\"7bbcf34\" data-element_type=\"widget\" data-e-type=\"widget\" data-widget_type=\"heading.default\">\n\t\t\t\t<div class=\"elementor-widget-container\">\n\t\t\t\t\t<h2 class=\"elementor-heading-title elementor-size-default\">y actividades deportivas cerca de Toulouse<\/h2>\t\t\t\t<\/div>\n\t\t\t\t<\/div>\n\t\t<div class=\"elementor-element elementor-element-a45d809 e-con-full e-flex e-con e-child\" data-id=\"a45d809\" data-element_type=\"container\" data-e-type=\"container\" data-settings=\"{&quot;background_background&quot;:&quot;classic&quot;}\">\n\t\t\t\t<div class=\"elementor-element elementor-element-2b683e3 elementor-absolute elementor-widget elementor-widget-image\" data-id=\"2b683e3\" data-element_type=\"widget\" data-e-type=\"widget\" data-settings=\"{&quot;_position&quot;:&quot;absolute&quot;}\" data-widget_type=\"image.default\">\n\t\t\t\t<div class=\"elementor-widget-container\">\n\t\t\t\t\t\t\t\t\t\t\t\t\t\t\t<img fetchpriority=\"high\" decoding=\"async\" width=\"410\" height=\"1353\" src=\"https:\/\/www.hotel-lacourdesconsuls.com\/wp-content\/uploads\/2024\/03\/Groupe-998-2x.png\" class=\"attachment-full size-full wp-image-929\" alt=\"\" srcset=\"https:\/\/www.hotel-lacourdesconsuls.com\/wp-content\/uploads\/2024\/03\/Groupe-998-2x.png 410w, https:\/\/www.hotel-lacourdesconsuls.com\/wp-content\/uploads\/2024\/03\/Groupe-998-2x-91x300.png 91w, https:\/\/www.hotel-lacourdesconsuls.com\/wp-content\/uploads\/2024\/03\/Groupe-998-2x-310x1024.png 310w, https:\/\/www.hotel-lacourdesconsuls.com\/wp-content\/uploads\/2024\/03\/Groupe-998-2x-4x12.png 4w\" sizes=\"(max-width: 410px) 100vw, 410px\" title=\"\">\t\t\t\t\t\t\t\t\t\t\t\t\t\t\t<\/div>\n\t\t\t\t<\/div>\n\t\t<div class=\"elementor-element elementor-element-8088d01 e-con-full e-flex e-con e-child\" data-id=\"8088d01\" data-element_type=\"container\" data-e-type=\"container\" data-settings=\"{&quot;background_background&quot;:&quot;classic&quot;}\">\n\t\t\t\t<div class=\"elementor-element elementor-element-fa0396a elementor-widget elementor-widget-image\" data-id=\"fa0396a\" data-element_type=\"widget\" data-e-type=\"widget\" data-widget_type=\"image.default\">\n\t\t\t\t<div class=\"elementor-widget-container\">\n\t\t\t\t\t\t\t\t\t\t\t\t\t\t\t<img decoding=\"async\" width=\"110\" height=\"4\" src=\"https:\/\/www.hotel-lacourdesconsuls.com\/wp-content\/uploads\/2024\/02\/Groupe-525.svg\" class=\"attachment-full size-full wp-image-220\" alt=\"\" title=\"\">\t\t\t\t\t\t\t\t\t\t\t\t\t\t\t<\/div>\n\t\t\t\t<\/div>\n\t\t\t\t<div class=\"elementor-element elementor-element-3bddfc8 elementor-widget elementor-widget-heading\" data-id=\"3bddfc8\" data-element_type=\"widget\" data-e-type=\"widget\" data-widget_type=\"heading.default\">\n\t\t\t\t<div class=\"elementor-widget-container\">\n\t\t\t\t\t<h2 class=\"elementor-heading-title elementor-size-default\">Paseando por las orillas del Garona<\/h2>\t\t\t\t<\/div>\n\t\t\t\t<\/div>\n\t\t\t\t<div class=\"elementor-element elementor-element-77f66f6 elementor-widget elementor-widget-heading\" data-id=\"77f66f6\" data-element_type=\"widget\" data-e-type=\"widget\" data-widget_type=\"heading.default\">\n\t\t\t\t<div class=\"elementor-widget-container\">\n\t\t\t\t\t<h3 class=\"elementor-heading-title elementor-size-default\">De paseo<\/h3>\t\t\t\t<\/div>\n\t\t\t\t<\/div>\n\t\t\t\t<\/div>\n\t\t<div class=\"elementor-element elementor-element-e624a35 e-con-full e-flex e-con e-child\" data-id=\"e624a35\" data-element_type=\"container\" data-e-type=\"container\">\n\t\t\t\t<div class=\"elementor-element elementor-element-4f6059b elementor-widget__width-initial elementor-widget-tablet__width-inherit elementor-widget elementor-widget-text-editor\" data-id=\"4f6059b\" data-element_type=\"widget\" data-e-type=\"widget\" data-widget_type=\"text-editor.default\">\n\t\t\t\t<div class=\"elementor-widget-container\">\n\t\t\t\t\t\t\t\t\t<p>Aunque Toulouse sea una gran ciudad, puede convertir su estancia en una experiencia buc\u00f3lica. Un paseo por las orillas del Garona le dar\u00e1 la sensaci\u00f3n de escapar de la ciudad sin dejar de estar muy cerca del centro a pie. Cruzar de una orilla a otra y pasear por el Garona ofrece magn\u00edficas vistas de la Ciudad Rosa. No se pierda la pasarela de la Viguerie, el Pont Neuf o la c\u00fapula de La Grave.<\/p>\t\t\t\t\t\t\t\t<\/div>\n\t\t\t\t<\/div>\n\t\t\t\t<\/div>\n\t\t\t\t<\/div>\n\t\t<div class=\"elementor-element elementor-element-f3ef78b e-con-full e-flex e-con e-child\" data-id=\"f3ef78b\" data-element_type=\"container\" data-e-type=\"container\">\n\t\t<div class=\"elementor-element elementor-element-3c8e870 e-con-full e-flex e-con e-child\" data-id=\"3c8e870\" data-element_type=\"container\" data-e-type=\"container\">\n\t\t\t\t<div class=\"elementor-element elementor-element-a22824d elementor-widget__width-inherit elementor-widget elementor-widget-text-editor\" data-id=\"a22824d\" data-element_type=\"widget\" data-e-type=\"widget\" data-widget_type=\"text-editor.default\">\n\t\t\t\t<div class=\"elementor-widget-container\">\n\t\t\t\t\t\t\t\t\t<p>Para los amantes del deporte que visiten Toulouse, hay numerosos paseos a poca distancia. Les Grands Lacs es un paseo de 13 km de dificultad moderada, muy cerca de la ciudad en transporte p\u00fablico. Al suroeste de Toulouse, rodea el centro de ocio La Ram\u00e9e. En Brax, descubra el alma de la resistencia durante la Segunda Guerra Mundial. A s\u00f3lo 15 minutos en coche, el bosque de Bouconne est\u00e1 lleno de tesoros. Les sentinelles en for\u00eat de Bouconne es un recorrido de 18 km para senderistas experimentados. Por \u00faltimo, entre Seilh y Gagnac, descubra las orillas del Aussonnelle y del Garona siguiendo las huellas de los \"pescadores de arena\".<\/p>\t\t\t\t\t\t\t\t<\/div>\n\t\t\t\t<\/div>\n\t\t\t\t<\/div>\n\t\t<div class=\"elementor-element elementor-element-ff8d04c e-con-full e-flex e-con e-child\" data-id=\"ff8d04c\" data-element_type=\"container\" data-e-type=\"container\" data-settings=\"{&quot;background_background&quot;:&quot;classic&quot;}\">\n\t\t\t\t<div class=\"elementor-element elementor-element-86cb87b elementor-widget elementor-widget-image\" data-id=\"86cb87b\" data-element_type=\"widget\" data-e-type=\"widget\" data-widget_type=\"image.default\">\n\t\t\t\t<div class=\"elementor-widget-container\">\n\t\t\t\t\t\t\t\t\t\t\t\t\t\t\t<img decoding=\"async\" width=\"110\" height=\"4\" src=\"https:\/\/www.hotel-lacourdesconsuls.com\/wp-content\/uploads\/2024\/02\/Groupe-525.svg\" class=\"attachment-full size-full wp-image-220\" alt=\"\" title=\"\">\t\t\t\t\t\t\t\t\t\t\t\t\t\t\t<\/div>\n\t\t\t\t<\/div>\n\t\t\t\t<div class=\"elementor-element elementor-element-a5c0d3b elementor-widget elementor-widget-heading\" data-id=\"a5c0d3b\" data-element_type=\"widget\" data-e-type=\"widget\" data-widget_type=\"heading.default\">\n\t\t\t\t<div class=\"elementor-widget-container\">\n\t\t\t\t\t<h2 class=\"elementor-heading-title elementor-size-default\">Senderismo y actividades deportivas cerca de Toulouse<\/h2>\t\t\t\t<\/div>\n\t\t\t\t<\/div>\n\t\t\t\t<div class=\"elementor-element elementor-element-2f74921 elementor-widget elementor-widget-heading\" data-id=\"2f74921\" data-element_type=\"widget\" data-e-type=\"widget\" data-widget_type=\"heading.default\">\n\t\t\t\t<div class=\"elementor-widget-container\">\n\t\t\t\t\t<h3 class=\"elementor-heading-title elementor-size-default\">Vacaciones ecol\u00f3gicas<\/h3>\t\t\t\t<\/div>\n\t\t\t\t<\/div>\n\t\t\t\t<div class=\"elementor-element elementor-element-2ce3514 elementor-absolute elementor-widget elementor-widget-image\" data-id=\"2ce3514\" data-element_type=\"widget\" data-e-type=\"widget\" data-settings=\"{&quot;_position&quot;:&quot;absolute&quot;}\" data-widget_type=\"image.default\">\n\t\t\t\t<div class=\"elementor-widget-container\">\n\t\t\t\t\t\t\t\t\t\t\t\t\t\t\t<img fetchpriority=\"high\" decoding=\"async\" width=\"410\" height=\"1353\" src=\"https:\/\/www.hotel-lacourdesconsuls.com\/wp-content\/uploads\/2024\/03\/Groupe-998-2x.png\" class=\"attachment-full size-full wp-image-929\" alt=\"\" srcset=\"https:\/\/www.hotel-lacourdesconsuls.com\/wp-content\/uploads\/2024\/03\/Groupe-998-2x.png 410w, https:\/\/www.hotel-lacourdesconsuls.com\/wp-content\/uploads\/2024\/03\/Groupe-998-2x-91x300.png 91w, https:\/\/www.hotel-lacourdesconsuls.com\/wp-content\/uploads\/2024\/03\/Groupe-998-2x-310x1024.png 310w, https:\/\/www.hotel-lacourdesconsuls.com\/wp-content\/uploads\/2024\/03\/Groupe-998-2x-4x12.png 4w\" sizes=\"(max-width: 410px) 100vw, 410px\" title=\"\">\t\t\t\t\t\t\t\t\t\t\t\t\t\t\t<\/div>\n\t\t\t\t<\/div>\n\t\t\t\t<\/div>\n\t\t\t\t<\/div>\n\t\t<div class=\"elementor-element elementor-element-cfb50f9 e-con-full bg-white e-flex e-con e-child\" data-id=\"cfb50f9\" data-element_type=\"container\" data-e-type=\"container\">\n\t\t<div class=\"elementor-element elementor-element-66c7c50 e-con-full e-flex e-con e-child\" data-id=\"66c7c50\" data-element_type=\"container\" data-e-type=\"container\" data-settings=\"{&quot;background_background&quot;:&quot;classic&quot;}\">\n\t\t\t\t<div class=\"elementor-element elementor-element-36e78d3 elementor-absolute elementor-widget elementor-widget-image\" data-id=\"36e78d3\" data-element_type=\"widget\" data-e-type=\"widget\" data-settings=\"{&quot;_position&quot;:&quot;absolute&quot;}\" data-widget_type=\"image.default\">\n\t\t\t\t<div class=\"elementor-widget-container\">\n\t\t\t\t\t\t\t\t\t\t\t\t\t\t\t<img fetchpriority=\"high\" decoding=\"async\" width=\"410\" height=\"1353\" src=\"https:\/\/www.hotel-lacourdesconsuls.com\/wp-content\/uploads\/2024\/03\/Groupe-998-2x.png\" class=\"attachment-full size-full wp-image-929\" alt=\"\" srcset=\"https:\/\/www.hotel-lacourdesconsuls.com\/wp-content\/uploads\/2024\/03\/Groupe-998-2x.png 410w, https:\/\/www.hotel-lacourdesconsuls.com\/wp-content\/uploads\/2024\/03\/Groupe-998-2x-91x300.png 91w, https:\/\/www.hotel-lacourdesconsuls.com\/wp-content\/uploads\/2024\/03\/Groupe-998-2x-310x1024.png 310w, https:\/\/www.hotel-lacourdesconsuls.com\/wp-content\/uploads\/2024\/03\/Groupe-998-2x-4x12.png 4w\" sizes=\"(max-width: 410px) 100vw, 410px\" title=\"\">\t\t\t\t\t\t\t\t\t\t\t\t\t\t\t<\/div>\n\t\t\t\t<\/div>\n\t\t\t\t<div class=\"elementor-element elementor-element-02d222a elementor-widget elementor-widget-image\" data-id=\"02d222a\" data-element_type=\"widget\" data-e-type=\"widget\" data-widget_type=\"image.default\">\n\t\t\t\t<div class=\"elementor-widget-container\">\n\t\t\t\t\t\t\t\t\t\t\t\t\t\t\t<img decoding=\"async\" width=\"110\" height=\"4\" src=\"https:\/\/www.hotel-lacourdesconsuls.com\/wp-content\/uploads\/2024\/02\/Groupe-525.svg\" class=\"attachment-full size-full wp-image-220\" alt=\"\" title=\"\">\t\t\t\t\t\t\t\t\t\t\t\t\t\t\t<\/div>\n\t\t\t\t<\/div>\n\t\t\t\t<div class=\"elementor-element elementor-element-0a4dc07 elementor-widget elementor-widget-heading\" data-id=\"0a4dc07\" data-element_type=\"widget\" data-e-type=\"widget\" data-widget_type=\"heading.default\">\n\t\t\t\t<div class=\"elementor-widget-container\">\n\t\t\t\t\t<h2 class=\"elementor-heading-title elementor-size-default\">Toulouse, capital del aire<\/h2>\t\t\t\t<\/div>\n\t\t\t\t<\/div>\n\t\t\t\t<div class=\"elementor-element elementor-element-73fa0cf elementor-widget elementor-widget-heading\" data-id=\"73fa0cf\" data-element_type=\"widget\" data-e-type=\"widget\" data-widget_type=\"heading.default\">\n\t\t\t\t<div class=\"elementor-widget-container\">\n\t\t\t\t\t<h3 class=\"elementor-heading-title elementor-size-default\">Descubrir el sector aeroespacial y aeron\u00e1utico<\/h3>\t\t\t\t<\/div>\n\t\t\t\t<\/div>\n\t\t\t\t<\/div>\n\t\t<div class=\"elementor-element elementor-element-f8813d0 e-con-full e-flex e-con e-child\" data-id=\"f8813d0\" data-element_type=\"container\" data-e-type=\"container\">\n\t\t\t\t<div class=\"elementor-element elementor-element-11b3293 elementor-widget__width-inherit elementor-widget elementor-widget-text-editor\" data-id=\"11b3293\" data-element_type=\"widget\" data-e-type=\"widget\" data-widget_type=\"text-editor.default\">\n\t\t\t\t<div class=\"elementor-widget-container\">\n\t\t\t\t\t\t\t\t\t<p>Toulouse est\u00e1 a la vanguardia en estos campos. Con una larga historia aeron\u00e1utica, Toulouse ha visto pasar grandes nombres, de Lat\u00e9co\u00e8re a Saint-Exup\u00e9ry. Aqu\u00ed tambi\u00e9n han tenido lugar muchos acontecimientos importantes, como la aparici\u00f3n de la 1\u00aa f\u00e1brica de aviones durante la 1\u00aa Guerra Mundial y el 1er vuelo de una nave motorizada m\u00e1s pesada que el aire. Toulouse y sus conocimientos tecnol\u00f3gicos son tambi\u00e9n un lugar importante para los descubrimientos espaciales.<\/p><p>A pocos minutos de Toulouse, descubra un aut\u00e9ntico lugar dedicado a la aeron\u00e1utica: el museo Aeroscopia.\u00a0<\/p>\t\t\t\t\t\t\t\t<\/div>\n\t\t\t\t<\/div>\n\t\t\t\t<div class=\"elementor-element elementor-element-b3c67a6 elementor-widget elementor-widget-button\" data-id=\"b3c67a6\" data-element_type=\"widget\" data-e-type=\"widget\" data-widget_type=\"button.default\">\n\t\t\t\t<div class=\"elementor-widget-container\">\n\t\t\t\t\t\t\t\t\t<div class=\"elementor-button-wrapper\">\n\t\t\t\t\t<a class=\"elementor-button elementor-button-link elementor-size-sm\" href=\"https:\/\/www.aeroscopia.fr\/\" rel=\"nofollow noopener\" target=\"_blank\">\n\t\t\t\t\t\t<span class=\"elementor-button-content-wrapper\">\n\t\t\t\t\t\t\t\t\t<span class=\"elementor-button-text\">M\u00e1s informaci\u00f3n sobre el museo <\/span>\n\t\t\t\t\t<\/span>\n\t\t\t\t\t<\/a>\n\t\t\t\t<\/div>\n\t\t\t\t\t\t\t\t<\/div>\n\t\t\t\t<\/div>\n\t\t\t\t<\/div>\n\t\t\t\t<\/div>\n\t\t<div class=\"elementor-element elementor-element-097ab7e e-con-full e-flex e-con e-child\" data-id=\"097ab7e\" data-element_type=\"container\" data-e-type=\"container\">\n\t\t<div class=\"elementor-element elementor-element-b0f832a e-con-full e-flex e-con e-child\" data-id=\"b0f832a\" data-element_type=\"container\" data-e-type=\"container\">\n\t\t\t\t<div class=\"elementor-element elementor-element-f579369 elementor-widget__width-inherit elementor-widget elementor-widget-text-editor\" data-id=\"f579369\" data-element_type=\"widget\" data-e-type=\"widget\" data-widget_type=\"text-editor.default\">\n\t\t\t\t<div class=\"elementor-widget-container\">\n\t\t\t\t\t\t\t\t\t<p>Cuando visite el Halle de La Machine, d\u00e9jese llevar por el equipo de V\u00e9ritables Machinistes, todos ellos actores, artistas de circo, constructores y m\u00fasicos.  Cada d\u00eda, es el\u00a0<em>Grande Impro<\/em>\u00a0ante los ojos del p\u00fablico. Lejos de un museo con una escenograf\u00eda fija y m\u00e1s cerca de un espect\u00e1culo callejero, la visita al Halle de La Machine invita a dejarse sorprender y a viajar a trav\u00e9s de estos mecanismos extraordinarios.<\/p><p>Una visita autoguiada para descubrir a su ritmo, con m\u00e1quinas puestas en movimiento por aut\u00e9nticos Maquinistas y puntos destacados para puntuar la visita y guiar su descubrimiento.  \u00a1D\u00e9 un paso al lado y d\u00e9jese sorprender!<\/p>\t\t\t\t\t\t\t\t<\/div>\n\t\t\t\t<\/div>\n\t\t\t\t<\/div>\n\t\t<div class=\"elementor-element elementor-element-de62b53 e-con-full e-flex e-con e-child\" data-id=\"de62b53\" data-element_type=\"container\" data-e-type=\"container\" data-settings=\"{&quot;background_background&quot;:&quot;classic&quot;}\">\n\t\t\t\t<div class=\"elementor-element elementor-element-9ca0f96 elementor-widget elementor-widget-image\" data-id=\"9ca0f96\" data-element_type=\"widget\" data-e-type=\"widget\" data-widget_type=\"image.default\">\n\t\t\t\t<div class=\"elementor-widget-container\">\n\t\t\t\t\t\t\t\t\t\t\t\t\t\t\t<img decoding=\"async\" width=\"110\" height=\"4\" src=\"https:\/\/www.hotel-lacourdesconsuls.com\/wp-content\/uploads\/2024\/02\/Groupe-525.svg\" class=\"attachment-full size-full wp-image-220\" alt=\"\" title=\"\">\t\t\t\t\t\t\t\t\t\t\t\t\t\t\t<\/div>\n\t\t\t\t<\/div>\n\t\t\t\t<div class=\"elementor-element elementor-element-c958491 elementor-widget elementor-widget-heading\" data-id=\"c958491\" data-element_type=\"widget\" data-e-type=\"widget\" data-widget_type=\"heading.default\">\n\t\t\t\t<div class=\"elementor-widget-container\">\n\t\t\t\t\t<h2 class=\"elementor-heading-title elementor-size-default\">Sala de m\u00e1quinas<\/h2>\t\t\t\t<\/div>\n\t\t\t\t<\/div>\n\t\t\t\t<div class=\"elementor-element elementor-element-eddbb57 elementor-widget elementor-widget-heading\" data-id=\"eddbb57\" data-element_type=\"widget\" data-e-type=\"widget\" data-widget_type=\"heading.default\">\n\t\t\t\t<div class=\"elementor-widget-container\">\n\t\t\t\t\t<h3 class=\"elementor-heading-title elementor-size-default\">Una exposici\u00f3n permanente que combina arte callejero y mec\u00e1nica<\/h3>\t\t\t\t<\/div>\n\t\t\t\t<\/div>\n\t\t\t\t<div class=\"elementor-element elementor-element-24c2940 elementor-absolute elementor-widget elementor-widget-image\" data-id=\"24c2940\" data-element_type=\"widget\" data-e-type=\"widget\" data-settings=\"{&quot;_position&quot;:&quot;absolute&quot;}\" data-widget_type=\"image.default\">\n\t\t\t\t<div class=\"elementor-widget-container\">\n\t\t\t\t\t\t\t\t\t\t\t\t\t\t\t<img fetchpriority=\"high\" decoding=\"async\" width=\"410\" height=\"1353\" src=\"https:\/\/www.hotel-lacourdesconsuls.com\/wp-content\/uploads\/2024\/03\/Groupe-998-2x.png\" class=\"attachment-full size-full wp-image-929\" alt=\"\" srcset=\"https:\/\/www.hotel-lacourdesconsuls.com\/wp-content\/uploads\/2024\/03\/Groupe-998-2x.png 410w, https:\/\/www.hotel-lacourdesconsuls.com\/wp-content\/uploads\/2024\/03\/Groupe-998-2x-91x300.png 91w, https:\/\/www.hotel-lacourdesconsuls.com\/wp-content\/uploads\/2024\/03\/Groupe-998-2x-310x1024.png 310w, https:\/\/www.hotel-lacourdesconsuls.com\/wp-content\/uploads\/2024\/03\/Groupe-998-2x-4x12.png 4w\" sizes=\"(max-width: 410px) 100vw, 410px\" title=\"\">\t\t\t\t\t\t\t\t\t\t\t\t\t\t\t<\/div>\n\t\t\t\t<\/div>\n\t\t\t\t<\/div>\n\t\t\t\t<\/div>\n\t\t\t\t\t<\/div>\n\t\t\t\t<\/div>\n\t\t<div class=\"elementor-element elementor-element-b4c2619 e-flex e-con-boxed e-con e-parent\" data-id=\"b4c2619\" data-element_type=\"container\" data-e-type=\"container\">\n\t\t\t\t\t<div class=\"e-con-inner\">\n\t\t<div class=\"elementor-element elementor-element-ca5bf47 e-con-full e-flex e-con e-child\" data-id=\"ca5bf47\" data-element_type=\"container\" data-e-type=\"container\">\n\t\t\t\t<div class=\"elementor-element elementor-element-fc9f830 elementor-widget elementor-widget-image\" data-id=\"fc9f830\" data-element_type=\"widget\" data-e-type=\"widget\" data-widget_type=\"image.default\">\n\t\t\t\t<div class=\"elementor-widget-container\">\n\t\t\t\t\t\t\t\t\t\t\t\t\t\t\t<img decoding=\"async\" width=\"110\" height=\"4\" src=\"https:\/\/www.hotel-lacourdesconsuls.com\/wp-content\/uploads\/2024\/02\/Groupe-525.svg\" class=\"attachment-full size-full wp-image-220\" alt=\"\" title=\"\">\t\t\t\t\t\t\t\t\t\t\t\t\t\t\t<\/div>\n\t\t\t\t<\/div>\n\t\t\t\t<div class=\"elementor-element elementor-element-d84d1dd elementor-widget elementor-widget-heading\" data-id=\"d84d1dd\" data-element_type=\"widget\" data-e-type=\"widget\" data-widget_type=\"heading.default\">\n\t\t\t\t<div class=\"elementor-widget-container\">\n\t\t\t\t\t<h2 class=\"elementor-heading-title elementor-size-default\">Mapa de actividades<\/h2>\t\t\t\t<\/div>\n\t\t\t\t<\/div>\n\t\t\t\t<\/div>\n\t\t<div class=\"elementor-element elementor-element-6dfa7be e-con-full e-flex e-con e-child\" data-id=\"6dfa7be\" data-element_type=\"container\" data-e-type=\"container\">\n\t\t\t\t<div class=\"elementor-element elementor-element-3b4f8e2 elementor-widget elementor-widget-google_maps\" data-id=\"3b4f8e2\" data-element_type=\"widget\" data-e-type=\"widget\" data-widget_type=\"google_maps.default\">\n\t\t\t\t<div class=\"elementor-widget-container\">\n\t\t\t\t\t\t\t<div class=\"elementor-custom-embed\">\n\t\t\t<iframe loading=\"lazy\"\n\t\t\t\t\tsrc=\"https:\/\/maps.google.com\/maps?q=La%20Cour%20des%20Consuls%20Hotel%20%26%20Spa%20Toulouse&#038;t=m&#038;z=13&#038;output=embed&#038;iwloc=near\"\n\t\t\t\t\ttitle=\"La Cour des Consuls Hotel &amp; Spa Toulouse\"\n\t\t\t\t\taria-label=\"La Cour des Consuls Hotel &amp; Spa Toulouse\"\n\t\t\t><\/iframe>\n\t\t<\/div>\n\t\t\t\t\t\t<\/div>\n\t\t\t\t<\/div>\n\t\t\t\t<\/div>\n\t\t\t\t\t<\/div>\n\t\t\t\t<\/div>\n\t\t\t\t<\/div>","protected":false},"excerpt":{"rendered":"<p>Activit\u00e9s Les diff\u00e9rentes d\u00e9couvertes et activit\u00e9s sportives proches de Toulouse Se balader sur les bords de la Garonne Se promener Si Toulouse est une grande ville, il reste toujours la [&hellip;]<\/p>\n","protected":false},"author":12,"featured_media":811,"parent":85,"menu_order":0,"comment_status":"closed","ping_status":"closed","template":"","meta":{"inline_featured_image":false,"_price":"","_stock":"","_tribe_ticket_header":"","_tribe_default_ticket_provider":"","_tribe_ticket_capacity":"0","_ticket_start_date":"","_ticket_end_date":"","_tribe_ticket_show_description":"","_tribe_ticket_show_not_going":false,"_tribe_ticket_use_global_stock":"","_tribe_ticket_global_stock_level":"","_global_stock_mode":"","_global_stock_cap":"","_tribe_rsvp_for_event":"","_tribe_ticket_going_count":"","_tribe_ticket_not_going_count":"","_tribe_tickets_list":"[]","_tribe_ticket_has_attendee_info_fields":false,"footnotes":"","_tec_slr_enabled":"","_tec_slr_layout":""},"class_list":["post-89","page","type-page","status-publish","has-post-thumbnail","hentry"],"ticketed":false,"_links":{"self":[{"href":"https:\/\/www.hotel-lacourdesconsuls.com\/es\/wp-json\/wp\/v2\/pages\/89","targetHints":{"allow":["GET"]}}],"collection":[{"href":"https:\/\/www.hotel-lacourdesconsuls.com\/es\/wp-json\/wp\/v2\/pages"}],"about":[{"href":"https:\/\/www.hotel-lacourdesconsuls.com\/es\/wp-json\/wp\/v2\/types\/page"}],"author":[{"embeddable":true,"href":"https:\/\/www.hotel-lacourdesconsuls.com\/es\/wp-json\/wp\/v2\/users\/12"}],"replies":[{"embeddable":true,"href":"https:\/\/www.hotel-lacourdesconsuls.com\/es\/wp-json\/wp\/v2\/comments?post=89"}],"version-history":[{"count":31,"href":"https:\/\/www.hotel-lacourdesconsuls.com\/es\/wp-json\/wp\/v2\/pages\/89\/revisions"}],"predecessor-version":[{"id":3179,"href":"https:\/\/www.hotel-lacourdesconsuls.com\/es\/wp-json\/wp\/v2\/pages\/89\/revisions\/3179"}],"up":[{"embeddable":true,"href":"https:\/\/www.hotel-lacourdesconsuls.com\/es\/wp-json\/wp\/v2\/pages\/85"}],"wp:featuredmedia":[{"embeddable":true,"href":"https:\/\/www.hotel-lacourdesconsuls.com\/es\/wp-json\/wp\/v2\/media\/811"}],"wp:attachment":[{"href":"https:\/\/www.hotel-lacourdesconsuls.com\/es\/wp-json\/wp\/v2\/media?parent=89"}],"curies":[{"name":"wp","href":"https:\/\/api.w.org\/{rel}","templated":true}]}}